{"id":2,"date":"2016-03-14T18:56:15","date_gmt":"2016-03-14T18:56:15","guid":{"rendered":"http:\/\/192.168.20.103\/lehnert-web\/blog\/?page_id=2"},"modified":"2016-11-18T16:19:22","modified_gmt":"2016-11-18T16:19:22","slug":"sample-page","status":"publish","type":"page","link":"https:\/\/www.lehnert-web.de\/sv\/","title":{"rendered":"V\u00e4lkommen"},"content":{"rendered":"<p>Mitt stora intresse f\u00f6r teknologi gjorde att jag blev intresserad av digital fotografering redan i ett tidigt stadium.<br \/>\n\u00c5r 2000 skaffade jag min f\u00f6rsta digital kamera och 2010 bytte jag till en digital systemkamera.<\/p>\n<p>Under min 14 m\u00e5naders l\u00e5nga vistelse p\u00e5 Antarktis utvecklade jag min passion och fick inspiration att fota natur och vilda djur.<br \/>\nJag \u00e4r framf\u00f6rallt inspirerad av de polariska omr\u00e5den p\u00e5 v\u00e5r planet.<\/p>\n<p>F\u00f6ljden blev att m\u00e5nga intryck som ni hittar p\u00e5 hemsidan \u00e4r just fr\u00e5n Arktis, Antarktis och Skandinavien.<\/p>\n<blockquote>\n<p style=\"text-align: center;\"><em>Happiness only real when shared \u2013 Christopher McCandless<\/em><\/p>\n<\/blockquote>\n<p>H\u00e4lsingar<\/p>\n<p>\/\/Lasse<\/p>","protected":false},"excerpt":{"rendered":"<p>Mitt stora intresse f\u00f6r teknologi gjorde att jag blev intresserad av digital fotografering redan i ett tidigt stadium. \u00c5r 2000 skaffade jag min f\u00f6rsta digital kamera och 2010 bytte jag till en digital systemkamera. Under min 14 m\u00e5naders l\u00e5nga vistelse p\u00e5 Antarktis utvecklade jag min passion och fick inspiration att fota natur och vilda djur. [&hellip;]<\/p>\n","protected":false},"author":1,"featured_media":0,"parent":0,"menu_order":0,"comment_status":"closed","ping_status":"open","template":"","meta":{"ngg_post_thumbnail":0},"_links":{"self":[{"href":"https:\/\/www.lehnert-web.de\/sv\/wp-json\/wp\/v2\/pages\/2"}],"collection":[{"href":"https:\/\/www.lehnert-web.de\/sv\/wp-json\/wp\/v2\/pages"}],"about":[{"href":"https:\/\/www.lehnert-web.de\/sv\/wp-json\/wp\/v2\/types\/page"}],"author":[{"embeddable":true,"href":"https:\/\/www.lehnert-web.de\/sv\/wp-json\/wp\/v2\/users\/1"}],"replies":[{"embeddable":true,"href":"https:\/\/www.lehnert-web.de\/sv\/wp-json\/wp\/v2\/comments?post=2"}],"version-history":[{"count":40,"href":"https:\/\/www.lehnert-web.de\/sv\/wp-json\/wp\/v2\/pages\/2\/revisions"}],"predecessor-version":[{"id":1779,"href":"https:\/\/www.lehnert-web.de\/sv\/wp-json\/wp\/v2\/pages\/2\/revisions\/1779"}],"wp:attachment":[{"href":"https:\/\/www.lehnert-web.de\/sv\/wp-json\/wp\/v2\/media?parent=2"}],"curies":[{"name":"wp","href":"https:\/\/api.w.org\/{rel}","templated":true}]}}