{"id":104,"date":"2016-03-15T17:42:54","date_gmt":"2016-03-15T17:42:54","guid":{"rendered":"http:\/\/192.168.20.103\/lehnert-web\/blog\/?page_id=104"},"modified":"2016-05-10T13:37:31","modified_gmt":"2016-05-10T13:37:31","slug":"akku-adapter","status":"publish","type":"page","link":"http:\/\/www.lehnert-web.de\/sv\/workshop\/akku-adapter\/","title":{"rendered":"(Deutsch) Akku Adapter"},"content":{"rendered":"<p class=\"qtranxs-available-languages-message qtranxs-available-languages-message-sv\">Tyv\u00e4rr \u00e4r denna artikel enbart tillg\u00e4nglig p\u00e5 <a href=\"http:\/\/www.lehnert-web.de\/de\/wp-json\/wp\/v2\/pages\/104\" class=\"qtranxs-available-language-link qtranxs-available-language-link-de\" title=\"Deutsch\">Tyska<\/a> och <a href=\"http:\/\/www.lehnert-web.de\/en\/wp-json\/wp\/v2\/pages\/104\" class=\"qtranxs-available-language-link qtranxs-available-language-link-en\" title=\"English\">Amerikansk Engelska<\/a>.<\/p>","protected":false},"excerpt":{"rendered":"<p>Tyv\u00e4rr \u00e4r denna artikel enbart tillg\u00e4nglig p\u00e5 Tyska och Amerikansk Engelska.<\/p>\n","protected":false},"author":1,"featured_media":0,"parent":11,"menu_order":0,"comment_status":"closed","ping_status":"closed","template":"template-parts\/page-full-width.php","meta":{"ngg_post_thumbnail":0},"_links":{"self":[{"href":"http:\/\/www.lehnert-web.de\/sv\/wp-json\/wp\/v2\/pages\/104"}],"collection":[{"href":"http:\/\/www.lehnert-web.de\/sv\/wp-json\/wp\/v2\/pages"}],"about":[{"href":"http:\/\/www.lehnert-web.de\/sv\/wp-json\/wp\/v2\/types\/page"}],"author":[{"embeddable":true,"href":"http:\/\/www.lehnert-web.de\/sv\/wp-json\/wp\/v2\/users\/1"}],"replies":[{"embeddable":true,"href":"http:\/\/www.lehnert-web.de\/sv\/wp-json\/wp\/v2\/comments?post=104"}],"version-history":[{"count":4,"href":"http:\/\/www.lehnert-web.de\/sv\/wp-json\/wp\/v2\/pages\/104\/revisions"}],"predecessor-version":[{"id":1355,"href":"http:\/\/www.lehnert-web.de\/sv\/wp-json\/wp\/v2\/pages\/104\/revisions\/1355"}],"up":[{"embeddable":true,"href":"http:\/\/www.lehnert-web.de\/sv\/wp-json\/wp\/v2\/pages\/11"}],"wp:attachment":[{"href":"http:\/\/www.lehnert-web.de\/sv\/wp-json\/wp\/v2\/media?parent=104"}],"curies":[{"name":"wp","href":"https:\/\/api.w.org\/{rel}","templated":true}]}}